{"id":549,"date":"2025-01-14T11:11:11","date_gmt":"2025-01-14T09:11:11","guid":{"rendered":"http:\/\/nailsduyen.ch\/naildesign\/?page_id=549"},"modified":"2025-01-14T11:11:11","modified_gmt":"2025-01-14T09:11:11","slug":"permanent-make-up","status":"publish","type":"page","link":"http:\/\/nailsduyen.ch\/naildesign\/?page_id=549","title":{"rendered":"Permanent Make-up"},"content":{"rendered":"<p><span style=\"\"><strong>Was ist ein Permanent Make-up?<\/strong><\/span><\/p>\n<p><span style=\"\"><strong>Permanent Make-up ein neues Lebensgef\u00fchl:<\/strong><\/span><span style=\"\"> <\/span><\/p>\n<ul>\n<li><span style=\"\">nat\u00fcrlich und rund um die Uhr gepflegt soll eine Person mit Permanent Make-up aussehen<\/span><\/li>\n<li><span style=\"\">mit Permanent Make-up entf\u00e4llt das t\u00e4gliche Schminken, d.h. ein &#8222;Permanent Make- up&#8220; soll nicht als solches erkennbar sein<\/span><\/li>\n<\/ul>\n<p><span style=\"\">Fantastische Ergebnisse erziele ich bei Lippen, Augenbrauen und Lidstrichen. Bei den Augenbrauen zeichne ich typengerecht Feinsth\u00e4rchen mit Schattierungen nach, so dass kaum ein Unterschied sichtbar wird zu echten Augenbrauen.<\/span><\/p>\n<p><span style=\"\">Nicht nur f\u00fcr \u00e4ltere sondern auch f\u00fcr junge und sportliche Frauen ist das Permanent Make-up im Trend. Verschmierte Eyeliner, blasse Lippen, auslaufende Lippenkonturen bei F\u00e4ltchen geh\u00f6ren der Vergangenheit an.<\/span><\/p>\n<p><span style=\"\">Ihre Augen gewinnen an Ausdruck und ihre Lippen wirken nat\u00fcrlich, frischer und attraktiver. Die Nat\u00fcrlichkeit ihres Gesichtes soll wirkungsvoll unterstrichen werden.<\/span><\/p>\n<p><span style=\"\"><strong>Microblading<\/strong><\/span><\/p>\n<p><span style=\"\">So nat\u00fcrlich wie echte Augenbrauen! Mit der asiatischen Methode des Microblading werden die Pigmente mittels feinster Klinge, in Form von einzelnen H\u00e4rchen von mir in die Haut geritzt, im Gegensatz zum klassischen Permanent Make-up, mit welchem ich die Pigmentierung mit Maschine einarbeite.<\/span><\/p>\n<p><span style=\"\">Die nat\u00fcrlich gewachsenen Brauen bleiben bestehen, werden im gew\u00fcnschten Farbton verdichtet und in die optimale Form gebracht. Beste Resultate werden bei ungleichem Wuchs sowie ausged\u00fcnnten Brauen oder gar einem Totalverlust erzielt.<\/span><\/p>\n<p>Nachdem ich mich vor einigen Jahren in Vietnam f\u00fcr Permanent Make Up ausbilden liess, habe ich nun letztes Jahr mit Erfolg die Ausbildung bei<span style=\"\"> <\/span><span style=\"\"><strong><a style=\"color: #0000ff\" href=\"http:\/\/www.nailmarlise.com\/permanent-make-up.htm\" target=\"_blank\" rel=\"noopener noreferrer\">Marlise K Academy<\/a><\/strong><\/span> in Biel abgeschlossen und mich zus\u00e4tzlich bei<span style=\"\"> <\/span><span style=\"\"><strong><a style=\"color: #0000ff\" href=\"http:\/\/www.beaulo-academy.ch\/\" target=\"_blank\" rel=\"noopener noreferrer\">Beaulo Academy Switzerland<\/a><\/strong><\/span> in Z\u00fcrich in Microblading weitergebildet (unten folgend zwei meiner Arbeiten in der Microblading Technik).<\/p>\n<p><a href=\"http:\/\/nailsduyen.ch\/naildesign\/?attachment_id=620\" rel=\"attachment wp-att-620\"><img loading=\"lazy\" decoding=\"async\" src=\"http:\/\/nailsduyen.ch\/naildesign\/wp-content\/uploads\/IMG_8830.png\" class=\"alignright size-full wp-image-620\" alt=\"\" width=\"1536\" height=\"1536\" srcset=\"http:\/\/nailsduyen.ch\/naildesign\/wp-content\/uploads\/IMG_8830.png 1536w, http:\/\/nailsduyen.ch\/naildesign\/wp-content\/uploads\/IMG_8830-150x150.png 150w, http:\/\/nailsduyen.ch\/naildesign\/wp-content\/uploads\/IMG_8830-300x300.png 300w, http:\/\/nailsduyen.ch\/naildesign\/wp-content\/uploads\/IMG_8830-768x768.png 768w, http:\/\/nailsduyen.ch\/naildesign\/wp-content\/uploads\/IMG_8830-1024x1024.png 1024w\" sizes=\"auto, (max-width: 1536px) 100vw, 1536px\" \/><\/a><\/p>\n<p>&nbsp;<\/p>\n<p><span style=\"\"><strong><a href=\"http:\/\/nailsduyen.ch\/naildesign\/?attachment_id=623\" rel=\"attachment wp-att-623\"><img loading=\"lazy\" decoding=\"async\" src=\"http:\/\/nailsduyen.ch\/naildesign\/wp-content\/uploads\/IMG_8829.png\" class=\"alignright size-full wp-image-623\" alt=\"\" width=\"1536\" height=\"1536\" srcset=\"http:\/\/nailsduyen.ch\/naildesign\/wp-content\/uploads\/IMG_8829.png 1536w, http:\/\/nailsduyen.ch\/naildesign\/wp-content\/uploads\/IMG_8829-150x150.png 150w, http:\/\/nailsduyen.ch\/naildesign\/wp-content\/uploads\/IMG_8829-300x300.png 300w, http:\/\/nailsduyen.ch\/naildesign\/wp-content\/uploads\/IMG_8829-768x768.png 768w, http:\/\/nailsduyen.ch\/naildesign\/wp-content\/uploads\/IMG_8829-1024x1024.png 1024w\" sizes=\"auto, (max-width: 1536px) 100vw, 1536px\" \/><\/a><\/strong><\/span><span style=\"\"><strong>Haltbarkeit der Farbe<\/strong><\/span><\/p>\n<p><span style=\"\">Je genauer Sie die Nachsorge beachten, umso besser und l\u00e4nger h\u00e4lt ihre Permanent Make-up Zeichnung. In den ersten 4 Wochen sollten Sie ihr Permanent Make-up vor direkter Sonnenbestrahlung sch\u00fctzen, da die UV-Strahlung die Farbe Ihres Permanent Make-ups ausbleichen kann. Zudem Chlorwasser und Saunabesuch in den ersten 14 Tagen vermeiden.<\/span><\/p>\n<p><span style=\"\">Um den Heilungsprozess zu f\u00f6rdern, empfehlen wir Ihnen Ihr<\/span><a href=\"http:\/\/www.feelgood-company.com\/de-de\/\" target=\"_blank\" rel=\"noopener noreferrer\"> <span style=\"\"><strong>FEELGOOD<\/strong><\/span><span style=\"\"> <\/span><\/a><span style=\"\">Permanent Make-up regelm\u00e4ssig mit<\/span> <span style=\"\"><strong>FEELGOOD Care Cream<\/strong><\/span> <span style=\"\">einzucremen. Unsere<\/span> <span style=\"\"><strong>Care Cream<\/strong><\/span> <span style=\"\">beinhaltet reine Wirkstoffe wie z.B. Weizenkeim-, Jojoba- und Avocado-\u00d6le, Vitamin A und E. Bei Lippenkonturen empfehlen wir Ihnen zus\u00e4tzlich unsere<\/span> <span style=\"\"><strong>Amber Lip-Cream<\/strong><\/span> <span style=\"\">mit hochwertigen Inhalts- und Pflegestoffen sowie dem Zusatz von reinem Bernstein.<\/span><\/p>\n<p><strong>Wichtig: <\/strong><span style=\"\">Diese Pflegeprodukte in der ersten Zeit immer mit einem Wattest\u00e4bchen auftragen, damit kein Schmutz in das frische Permanent Make-up kommt!<\/span><span style=\"\"><strong><br \/>\n<\/strong><\/span><\/p>\n<p><span style=\"\">Falls Ihr Permanent Make-up, bedingt durch den Heilungsprozess, eventuell jucken sollte,<\/span> <span style=\"\">k\u00fchlen Sie Ihre Haut ein wenig ab und cremen Sie sie anschliessend mit einem unserer Pflegeprodukte ein. Bitte nicht mit den Fingern das Permanent Make-up abtasten.<\/span><\/p>\n<p><span style=\"\">Reinigen Sie ihr Permanent Make-up vorsichtig mit klarem, lauwarmem Wasser. Beim Abschminken empfehlen wir Ihnen zus\u00e4tzlich unseren<\/span> <strong><span style=\"\">ColourClean<\/span>. <\/strong><span style=\"\">Dieser fettfreie Reiniger entspannt zudem Ihre Haut durch beruhigende Wirkstoffe. Vorsichtig abtrocknen.<\/span><\/p>\n<p><span style=\"\">Nach fr\u00fchestens zwei Wochen kann das Permanent Make up nachgearbeitet werden.<\/span><br \/>\n<span style=\"\"> F\u00fcr Ihre Sicherheit: wir garantieren, dass die von uns verwendeten<\/span> <strong><span style=\"\">FEELGOOD<\/span> <\/strong><span style=\"\">Farben f\u00fcr Ihr Permanent Make up frei von gef\u00e4hrlichen Azo-Farbstoffen sind.<\/span><\/p>\n<p><span style=\"\">Wenn Sie mehr \u00fcber Permanent Make-up erfahren m\u00f6chten, beraten wir Sie gerne. Rufen Sie uns an oder kommen Sie vorbei. Wir freuen uns auf Sie.<br \/>\n<\/span><\/p>\n<p>&nbsp;<\/p>\n<p>&nbsp;<\/p>\n<p>&nbsp;<\/p>\n","protected":false},"excerpt":{"rendered":"<p>Was ist ein Permanent Make-up? Permanent Make-up ein neues Lebensgef\u00fchl: nat\u00fcrlich und rund um die Uhr gepflegt soll eine Person mit Permanent Make-up aussehen mit Permanent Make-up entf\u00e4llt das t\u00e4gliche Schminken, d.h. ein &#8222;Permanent Make- up&#8220; soll nicht als solches &hellip; <a href=\"http:\/\/nailsduyen.ch\/naildesign\/?page_id=549\">Weiterlesen <span class=\"meta-nav\">&rarr;<\/span><\/a><\/p>\n","protected":false},"author":2,"featured_media":0,"parent":0,"menu_order":0,"comment_status":"closed","ping_status":"closed","template":"","meta":{"footnotes":""},"class_list":["post-549","page","type-page","status-publish","hentry"],"_links":{"self":[{"href":"http:\/\/nailsduyen.ch\/naildesign\/index.php?rest_route=\/wp\/v2\/pages\/549","targetHints":{"allow":["GET"]}}],"collection":[{"href":"http:\/\/nailsduyen.ch\/naildesign\/index.php?rest_route=\/wp\/v2\/pages"}],"about":[{"href":"http:\/\/nailsduyen.ch\/naildesign\/index.php?rest_route=\/wp\/v2\/types\/page"}],"author":[{"embeddable":true,"href":"http:\/\/nailsduyen.ch\/naildesign\/index.php?rest_route=\/wp\/v2\/users\/2"}],"replies":[{"embeddable":true,"href":"http:\/\/nailsduyen.ch\/naildesign\/index.php?rest_route=%2Fwp%2Fv2%2Fcomments&post=549"}],"version-history":[{"count":14,"href":"http:\/\/nailsduyen.ch\/naildesign\/index.php?rest_route=\/wp\/v2\/pages\/549\/revisions"}],"predecessor-version":[{"id":965,"href":"http:\/\/nailsduyen.ch\/naildesign\/index.php?rest_route=\/wp\/v2\/pages\/549\/revisions\/965"}],"wp:attachment":[{"href":"http:\/\/nailsduyen.ch\/naildesign\/index.php?rest_route=%2Fwp%2Fv2%2Fmedia&parent=549"}],"curies":[{"name":"wp","href":"https:\/\/api.w.org\/{rel}","templated":true}]}}