{"id":40,"date":"2012-07-22T13:43:46","date_gmt":"2012-07-22T11:43:46","guid":{"rendered":"http:\/\/nailsduyen.ch\/naildesign\/?page_id=40"},"modified":"2024-08-08T15:43:33","modified_gmt":"2024-08-08T13:43:33","slug":"unser-angebot-preise","status":"publish","type":"page","link":"http:\/\/nailsduyen.ch\/naildesign\/?page_id=40","title":{"rendered":"Unser Angebot &#038; Preise"},"content":{"rendered":"<p><span style=\"color: #ff6600;\"><strong>Unser Angebot<\/strong><\/span><br \/>\nDanke f\u00fcr Ihren Besuch auf unserer Website. Hier finden Sie eine \u00dcbersicht \u00fcber unser Angebot und unsere Preise.<\/p>\n<ul>\n<li>Kunstnagel-Gel<\/li>\n<li>French<\/li>\n<li>Verl\u00e4ngerung Schablonentechnik<\/li>\n<li>Nagelverzierungen<\/li>\n<li>Naturnagelverst\u00e4rkung<\/li>\n<li>Alessandros Striplac<\/li>\n<li>Manicure<\/li>\n<li>P\u00e9dicure, Fussmassage<\/li>\n<li>Wimpernverl\u00e4ngerung, Wimpernwelle, Wimpern f\u00e4rben<\/li>\n<li>Permanent Make up:\n<ul>\n<li>Augenbrauen (Microblading (Beaulo Academy))<\/li>\n<li>Augenlider oben\/unten<\/li>\n<li>Lippenkorrekturen<\/li>\n<\/ul>\n<\/li>\n<li>Waxing und Sugaring Cane mit nat\u00fcrlicher Zuckerpaste f\u00fcr die Frau<\/li>\n<\/ul>\n<p>Eine \u00dcbersicht unserer aktuellen Preise finden Sie hier:<\/p>\n<p><span style=\"color: #ff6600;\"><a style=\"color: #ff6600;\" title=\"Preis-\u00dcbersicht 2014\" href=\"http:\/\/nailsduyen.ch\/naildesign\/Preise-2022-U-A-OPI-neu.pdf\" target=\"_blank\" rel=\"noopener noreferrer\"><strong><br \/>\n<\/strong> <\/a><\/span><br \/>\n<span style=\"color: #ff6600;\"> <a style=\"color: #ff6600;\" title=\"Preis-\u00dcbersicht 2014\" href=\"http:\/\/nailsduyen.ch\/naildesign\/Preise-2022-U-A-OPI-IBD-neu.pdf\" target=\"_blank\" rel=\"noopener noreferrer\"><strong>Preis\u00fcbersicht Uster <\/strong><\/a><\/span><\/p>\n<p><a title=\"Preis-\u00dcbersicht 2014\" href=\"http:\/\/nailsduyen.ch\/naildesign\/Preise-2024-BR-I-O-neu.pdf\" target=\"_blank\" rel=\"noopener noreferrer\"><strong>Preis\u00fcbersicht Bad Ragaz (mit neuen Gels von IBD, O.P.I u.a.)<\/strong><\/a><\/p>\n<p>&nbsp;<\/p>\n<p>&nbsp;<\/p>\n<p>&nbsp;<\/p>\n<p><span style=\"color: #000000;\">\u00a0<\/span><\/p>\n<p><span style=\"color: #000000;\">\u00a0<\/span><\/p>\n<p><span style=\"color: #000000;\">\u00a0<\/span><\/p>\n<p><span style=\"color: #000000;\">\u00a0<\/span><\/p>\n","protected":false},"excerpt":{"rendered":"<p>Unser Angebot Danke f\u00fcr Ihren Besuch auf unserer Website. Hier finden Sie eine \u00dcbersicht \u00fcber unser Angebot und unsere Preise. Kunstnagel-Gel French Verl\u00e4ngerung Schablonentechnik Nagelverzierungen Naturnagelverst\u00e4rkung Alessandros Striplac Manicure P\u00e9dicure, Fussmassage Wimpernverl\u00e4ngerung, Wimpernwelle, Wimpern f\u00e4rben Permanent Make up: Augenbrauen (Microblading &hellip; <a href=\"http:\/\/nailsduyen.ch\/naildesign\/?page_id=40\">Weiterlesen <span class=\"meta-nav\">&rarr;<\/span><\/a><\/p>\n","protected":false},"author":2,"featured_media":0,"parent":0,"menu_order":5,"comment_status":"closed","ping_status":"closed","template":"","meta":{"footnotes":""},"class_list":["post-40","page","type-page","status-publish","hentry"],"_links":{"self":[{"href":"http:\/\/nailsduyen.ch\/naildesign\/index.php?rest_route=\/wp\/v2\/pages\/40","targetHints":{"allow":["GET"]}}],"collection":[{"href":"http:\/\/nailsduyen.ch\/naildesign\/index.php?rest_route=\/wp\/v2\/pages"}],"about":[{"href":"http:\/\/nailsduyen.ch\/naildesign\/index.php?rest_route=\/wp\/v2\/types\/page"}],"author":[{"embeddable":true,"href":"http:\/\/nailsduyen.ch\/naildesign\/index.php?rest_route=\/wp\/v2\/users\/2"}],"replies":[{"embeddable":true,"href":"http:\/\/nailsduyen.ch\/naildesign\/index.php?rest_route=%2Fwp%2Fv2%2Fcomments&post=40"}],"version-history":[{"count":62,"href":"http:\/\/nailsduyen.ch\/naildesign\/index.php?rest_route=\/wp\/v2\/pages\/40\/revisions"}],"predecessor-version":[{"id":945,"href":"http:\/\/nailsduyen.ch\/naildesign\/index.php?rest_route=\/wp\/v2\/pages\/40\/revisions\/945"}],"wp:attachment":[{"href":"http:\/\/nailsduyen.ch\/naildesign\/index.php?rest_route=%2Fwp%2Fv2%2Fmedia&parent=40"}],"curies":[{"name":"wp","href":"https:\/\/api.w.org\/{rel}","templated":true}]}}